{"id":3179,"date":"2024-12-19T18:06:00","date_gmt":"2024-12-19T21:06:00","guid":{"rendered":"http:\/\/penabrancaecipriano.com.br\/?page_id=3179"},"modified":"2025-09-17T21:18:44","modified_gmt":"2025-09-18T00:18:44","slug":"prestacao-de-contas","status":"publish","type":"page","link":"https:\/\/penabrancaecipriano.com.br\/?page_id=3179","title":{"rendered":"Integridade"},"content":{"rendered":"\t\t<div data-elementor-type=\"wp-page\" data-elementor-id=\"3179\" class=\"elementor elementor-3179\">\n\t\t\t\t\t\t<section class=\"elementor-section elementor-top-section elementor-element elementor-element-70eb68d elementor-section-boxed elementor-section-height-default elementor-section-height-default\" data-id=\"70eb68d\" data-element_type=\"section\">\n\t\t\t\t\t\t<div class=\"elementor-container elementor-column-gap-default\">\n\t\t\t\t\t<div class=\"elementor-column elementor-col-100 elementor-top-column elementor-element elementor-element-1db24e7\" data-id=\"1db24e7\" data-element_type=\"column\">\n\t\t\t<div class=\"elementor-widget-wrap elementor-element-populated\">\n\t\t\t\t\t\t<div class=\"elementor-element elementor-element-5c33a60 elementor-widget elementor-widget-text-editor\" data-id=\"5c33a60\" data-element_type=\"widget\" data-widget_type=\"text-editor.default\">\n\t\t\t\t<div class=\"elementor-widget-container\">\n\t\t\t\t\t\t\t\t\t<p><img fetchpriority=\"high\" decoding=\"async\" class=\"aligncenter size-medium wp-image-3170\" src=\"https:\/\/penabrancaecipriano.com.br\/wp-content\/uploads\/2024\/07\/logo-transparente-azul-300x300.png\" alt=\"\" width=\"300\" height=\"300\" srcset=\"https:\/\/penabrancaecipriano.com.br\/wp-content\/uploads\/2024\/07\/logo-transparente-azul-300x300.png 300w, https:\/\/penabrancaecipriano.com.br\/wp-content\/uploads\/2024\/07\/logo-transparente-azul-1024x1024.png 1024w, https:\/\/penabrancaecipriano.com.br\/wp-content\/uploads\/2024\/07\/logo-transparente-azul-150x150.png 150w, https:\/\/penabrancaecipriano.com.br\/wp-content\/uploads\/2024\/07\/logo-transparente-azul-768x768.png 768w, https:\/\/penabrancaecipriano.com.br\/wp-content\/uploads\/2024\/07\/logo-transparente-azul.png 1080w\" sizes=\"(max-width: 300px) 100vw, 300px\" \/>Parceria com Minist\u00e9rio da Igualdade Racial.<\/p><p>Em conson\u00e2ncia com PORTARIA CONJUNTA MF\/MPO\/MGI\/SRI-PR N\u00ba 115, de 10 DE DEZEMBRO DE 2024, que prev\u00ea a obrigatoriedade de divulgar detalhes dos or\u00e7amentos de projetos que recebem repasses atrav\u00e9s de Emenda Parlamentar, a SER torns p\u00fablico o or\u00e7amento do Templo de Caridade Umbandista Caboclo Pena Branca e Preto Velho Pai Cipriano das Almas.<br \/>Para esse projeto o repasse foi de R$ 250.000,00 com prazo de 7 meses\u00a0para\u00a0execu\u00e7\u00e3o.<\/p>\t\t\t\t\t\t\t\t<\/div>\n\t\t\t\t<\/div>\n\t\t\t\t\t<\/div>\n\t\t<\/div>\n\t\t\t\t\t<\/div>\n\t\t<\/section>\n\t\t\t\t<section class=\"elementor-section elementor-top-section elementor-element elementor-element-8d777f0 elementor-section-boxed elementor-section-height-default elementor-section-height-default\" data-id=\"8d777f0\" data-element_type=\"section\">\n\t\t\t\t\t\t<div class=\"elementor-container elementor-column-gap-default\">\n\t\t\t\t\t<div class=\"elementor-column elementor-col-100 elementor-top-column elementor-element elementor-element-636fc48\" data-id=\"636fc48\" data-element_type=\"column\">\n\t\t\t<div class=\"elementor-widget-wrap elementor-element-populated\">\n\t\t\t\t\t\t<div class=\"elementor-element elementor-element-7ed95f2 elementor-widget elementor-widget-spacer\" data-id=\"7ed95f2\" data-element_type=\"widget\" data-widget_type=\"spacer.default\">\n\t\t\t\t<div class=\"elementor-widget-container\">\n\t\t\t\t\t\t\t<div class=\"elementor-spacer\">\n\t\t\t<div class=\"elementor-spacer-inner\"><\/div>\n\t\t<\/div>\n\t\t\t\t\t\t<\/div>\n\t\t\t\t<\/div>\n\t\t\t\t\t<\/div>\n\t\t<\/div>\n\t\t\t\t\t<\/div>\n\t\t<\/section>\n\t\t\t\t<section class=\"elementor-section elementor-top-section elementor-element elementor-element-e4fd94c elementor-section-boxed elementor-section-height-default elementor-section-height-default\" data-id=\"e4fd94c\" data-element_type=\"section\">\n\t\t\t\t\t\t<div class=\"elementor-container elementor-column-gap-default\">\n\t\t\t\t\t<div class=\"elementor-column elementor-col-100 elementor-top-column elementor-element elementor-element-a4a04e1\" data-id=\"a4a04e1\" data-element_type=\"column\">\n\t\t\t<div class=\"elementor-widget-wrap elementor-element-populated\">\n\t\t\t\t\t\t<div class=\"elementor-element elementor-element-2e6158d elementor-widget elementor-widget-image\" data-id=\"2e6158d\" data-element_type=\"widget\" data-widget_type=\"image.default\">\n\t\t\t\t<div class=\"elementor-widget-container\">\n\t\t\t\t\t\t\t\t\t\t\t\t\t\t\t<img decoding=\"async\" width=\"940\" height=\"788\" src=\"https:\/\/penabrancaecipriano.com.br\/wp-content\/uploads\/2024\/12\/Imagem-do-WhatsApp-de-2024-12-19-as-16.48.37_bcda622a.jpg\" class=\"attachment-large size-large wp-image-3180\" alt=\"\" srcset=\"https:\/\/penabrancaecipriano.com.br\/wp-content\/uploads\/2024\/12\/Imagem-do-WhatsApp-de-2024-12-19-as-16.48.37_bcda622a.jpg 940w, https:\/\/penabrancaecipriano.com.br\/wp-content\/uploads\/2024\/12\/Imagem-do-WhatsApp-de-2024-12-19-as-16.48.37_bcda622a-300x251.jpg 300w, https:\/\/penabrancaecipriano.com.br\/wp-content\/uploads\/2024\/12\/Imagem-do-WhatsApp-de-2024-12-19-as-16.48.37_bcda622a-768x644.jpg 768w\" sizes=\"(max-width: 940px) 100vw, 940px\" \/>\t\t\t\t\t\t\t\t\t\t\t\t\t\t\t<\/div>\n\t\t\t\t<\/div>\n\t\t\t\t\t<\/div>\n\t\t<\/div>\n\t\t\t\t\t<\/div>\n\t\t<\/section>\n\t\t\t\t<section class=\"elementor-section elementor-top-section elementor-element elementor-element-36aacf9 elementor-section-boxed elementor-section-height-default elementor-section-height-default\" data-id=\"36aacf9\" data-element_type=\"section\">\n\t\t\t\t\t\t<div class=\"elementor-container elementor-column-gap-default\">\n\t\t\t\t\t<div class=\"elementor-column elementor-col-100 elementor-top-column elementor-element elementor-element-36f2255\" data-id=\"36f2255\" data-element_type=\"column\">\n\t\t\t<div class=\"elementor-widget-wrap elementor-element-populated\">\n\t\t\t\t\t\t<div class=\"elementor-element elementor-element-8659990 elementor-widget elementor-widget-image\" data-id=\"8659990\" data-element_type=\"widget\" data-widget_type=\"image.default\">\n\t\t\t\t<div class=\"elementor-widget-container\">\n\t\t\t\t\t\t\t\t\t\t\t\t\t\t\t<img decoding=\"async\" width=\"940\" height=\"788\" src=\"https:\/\/penabrancaecipriano.com.br\/wp-content\/uploads\/2024\/12\/Imagem-do-WhatsApp-de-2024-12-19-as-16.48.37_048852a7.jpg\" class=\"attachment-large size-large wp-image-3181\" alt=\"\" srcset=\"https:\/\/penabrancaecipriano.com.br\/wp-content\/uploads\/2024\/12\/Imagem-do-WhatsApp-de-2024-12-19-as-16.48.37_048852a7.jpg 940w, https:\/\/penabrancaecipriano.com.br\/wp-content\/uploads\/2024\/12\/Imagem-do-WhatsApp-de-2024-12-19-as-16.48.37_048852a7-300x251.jpg 300w, https:\/\/penabrancaecipriano.com.br\/wp-content\/uploads\/2024\/12\/Imagem-do-WhatsApp-de-2024-12-19-as-16.48.37_048852a7-768x644.jpg 768w\" sizes=\"(max-width: 940px) 100vw, 940px\" \/>\t\t\t\t\t\t\t\t\t\t\t\t\t\t\t<\/div>\n\t\t\t\t<\/div>\n\t\t\t\t\t<\/div>\n\t\t<\/div>\n\t\t\t\t\t<\/div>\n\t\t<\/section>\n\t\t\t\t<section class=\"elementor-section elementor-top-section elementor-element elementor-element-8d96d75 elementor-section-boxed elementor-section-height-default elementor-section-height-default\" data-id=\"8d96d75\" data-element_type=\"section\">\n\t\t\t\t\t\t<div class=\"elementor-container elementor-column-gap-default\">\n\t\t\t\t\t<div class=\"elementor-column elementor-col-100 elementor-top-column elementor-element elementor-element-e77a494\" data-id=\"e77a494\" data-element_type=\"column\">\n\t\t\t<div class=\"elementor-widget-wrap elementor-element-populated\">\n\t\t\t\t\t\t<div class=\"elementor-element elementor-element-c99fe34 elementor-widget elementor-widget-image\" data-id=\"c99fe34\" data-element_type=\"widget\" data-widget_type=\"image.default\">\n\t\t\t\t<div class=\"elementor-widget-container\">\n\t\t\t\t\t\t\t\t\t\t\t\t\t\t\t<img loading=\"lazy\" decoding=\"async\" width=\"940\" height=\"788\" src=\"https:\/\/penabrancaecipriano.com.br\/wp-content\/uploads\/2024\/12\/Imagem-do-WhatsApp-de-2024-12-19-as-16.48.38_afc14f1f.jpg\" class=\"attachment-large size-large wp-image-3182\" alt=\"\" srcset=\"https:\/\/penabrancaecipriano.com.br\/wp-content\/uploads\/2024\/12\/Imagem-do-WhatsApp-de-2024-12-19-as-16.48.38_afc14f1f.jpg 940w, https:\/\/penabrancaecipriano.com.br\/wp-content\/uploads\/2024\/12\/Imagem-do-WhatsApp-de-2024-12-19-as-16.48.38_afc14f1f-300x251.jpg 300w, https:\/\/penabrancaecipriano.com.br\/wp-content\/uploads\/2024\/12\/Imagem-do-WhatsApp-de-2024-12-19-as-16.48.38_afc14f1f-768x644.jpg 768w\" sizes=\"(max-width: 940px) 100vw, 940px\" \/>\t\t\t\t\t\t\t\t\t\t\t\t\t\t\t<\/div>\n\t\t\t\t<\/div>\n\t\t\t\t\t<\/div>\n\t\t<\/div>\n\t\t\t\t\t<\/div>\n\t\t<\/section>\n\t\t\t\t<section class=\"elementor-section elementor-top-section elementor-element elementor-element-a2ebcd1 elementor-section-boxed elementor-section-height-default elementor-section-height-default\" data-id=\"a2ebcd1\" data-element_type=\"section\">\n\t\t\t\t\t\t<div class=\"elementor-container elementor-column-gap-default\">\n\t\t\t\t\t<div class=\"elementor-column elementor-col-100 elementor-top-column elementor-element elementor-element-2cf9171\" data-id=\"2cf9171\" data-element_type=\"column\">\n\t\t\t<div class=\"elementor-widget-wrap elementor-element-populated\">\n\t\t\t\t\t\t<div class=\"elementor-element elementor-element-57dae3b elementor-widget elementor-widget-image\" data-id=\"57dae3b\" data-element_type=\"widget\" data-widget_type=\"image.default\">\n\t\t\t\t<div class=\"elementor-widget-container\">\n\t\t\t\t\t\t\t\t\t\t\t\t\t\t\t<img loading=\"lazy\" decoding=\"async\" width=\"940\" height=\"788\" src=\"https:\/\/penabrancaecipriano.com.br\/wp-content\/uploads\/2024\/12\/Imagem-do-WhatsApp-de-2024-12-19-as-16.48.38_49e5fa56.jpg\" class=\"attachment-large size-large wp-image-3183\" alt=\"\" srcset=\"https:\/\/penabrancaecipriano.com.br\/wp-content\/uploads\/2024\/12\/Imagem-do-WhatsApp-de-2024-12-19-as-16.48.38_49e5fa56.jpg 940w, https:\/\/penabrancaecipriano.com.br\/wp-content\/uploads\/2024\/12\/Imagem-do-WhatsApp-de-2024-12-19-as-16.48.38_49e5fa56-300x251.jpg 300w, https:\/\/penabrancaecipriano.com.br\/wp-content\/uploads\/2024\/12\/Imagem-do-WhatsApp-de-2024-12-19-as-16.48.38_49e5fa56-768x644.jpg 768w\" sizes=\"(max-width: 940px) 100vw, 940px\" \/>\t\t\t\t\t\t\t\t\t\t\t\t\t\t\t<\/div>\n\t\t\t\t<\/div>\n\t\t\t\t\t<\/div>\n\t\t<\/div>\n\t\t\t\t\t<\/div>\n\t\t<\/section>\n\t\t\t\t<section class=\"elementor-section elementor-top-section elementor-element elementor-element-874ae8d elementor-section-boxed elementor-section-height-default elementor-section-height-default\" data-id=\"874ae8d\" data-element_type=\"section\">\n\t\t\t\t\t\t<div class=\"elementor-container elementor-column-gap-default\">\n\t\t\t\t\t<div class=\"elementor-column elementor-col-100 elementor-top-column elementor-element elementor-element-47b6eba\" data-id=\"47b6eba\" data-element_type=\"column\">\n\t\t\t<div class=\"elementor-widget-wrap elementor-element-populated\">\n\t\t\t\t\t\t<div class=\"elementor-element elementor-element-cbb1ba1 elementor-widget elementor-widget-image\" data-id=\"cbb1ba1\" data-element_type=\"widget\" data-widget_type=\"image.default\">\n\t\t\t\t<div class=\"elementor-widget-container\">\n\t\t\t\t\t\t\t\t\t\t\t\t\t\t\t<img loading=\"lazy\" decoding=\"async\" width=\"940\" height=\"788\" src=\"https:\/\/penabrancaecipriano.com.br\/wp-content\/uploads\/2024\/12\/Imagem-do-WhatsApp-de-2024-12-19-as-16.48.38_2bae08ed.jpg\" class=\"attachment-large size-large wp-image-3184\" alt=\"\" srcset=\"https:\/\/penabrancaecipriano.com.br\/wp-content\/uploads\/2024\/12\/Imagem-do-WhatsApp-de-2024-12-19-as-16.48.38_2bae08ed.jpg 940w, https:\/\/penabrancaecipriano.com.br\/wp-content\/uploads\/2024\/12\/Imagem-do-WhatsApp-de-2024-12-19-as-16.48.38_2bae08ed-300x251.jpg 300w, https:\/\/penabrancaecipriano.com.br\/wp-content\/uploads\/2024\/12\/Imagem-do-WhatsApp-de-2024-12-19-as-16.48.38_2bae08ed-768x644.jpg 768w\" sizes=\"(max-width: 940px) 100vw, 940px\" \/>\t\t\t\t\t\t\t\t\t\t\t\t\t\t\t<\/div>\n\t\t\t\t<\/div>\n\t\t\t\t\t<\/div>\n\t\t<\/div>\n\t\t\t\t\t<\/div>\n\t\t<\/section>\n\t\t\t\t<section class=\"elementor-section elementor-top-section elementor-element elementor-element-7f4b883 elementor-section-boxed elementor-section-height-default elementor-section-height-default\" data-id=\"7f4b883\" data-element_type=\"section\">\n\t\t\t\t\t\t<div class=\"elementor-container elementor-column-gap-default\">\n\t\t\t\t\t<div class=\"elementor-column elementor-col-100 elementor-top-column elementor-element elementor-element-1e3c2e3\" data-id=\"1e3c2e3\" data-element_type=\"column\">\n\t\t\t<div class=\"elementor-widget-wrap elementor-element-populated\">\n\t\t\t\t\t\t<div class=\"elementor-element elementor-element-03ae7ec elementor-widget elementor-widget-image\" data-id=\"03ae7ec\" data-element_type=\"widget\" data-widget_type=\"image.default\">\n\t\t\t\t<div class=\"elementor-widget-container\">\n\t\t\t\t\t\t\t\t\t\t\t\t\t\t\t<img loading=\"lazy\" decoding=\"async\" width=\"940\" height=\"788\" src=\"https:\/\/penabrancaecipriano.com.br\/wp-content\/uploads\/2024\/12\/Imagem-do-WhatsApp-de-2024-12-19-as-16.48.38_124c35dd.jpg\" class=\"attachment-large size-large wp-image-3185\" alt=\"\" srcset=\"https:\/\/penabrancaecipriano.com.br\/wp-content\/uploads\/2024\/12\/Imagem-do-WhatsApp-de-2024-12-19-as-16.48.38_124c35dd.jpg 940w, https:\/\/penabrancaecipriano.com.br\/wp-content\/uploads\/2024\/12\/Imagem-do-WhatsApp-de-2024-12-19-as-16.48.38_124c35dd-300x251.jpg 300w, https:\/\/penabrancaecipriano.com.br\/wp-content\/uploads\/2024\/12\/Imagem-do-WhatsApp-de-2024-12-19-as-16.48.38_124c35dd-768x644.jpg 768w\" sizes=\"(max-width: 940px) 100vw, 940px\" \/>\t\t\t\t\t\t\t\t\t\t\t\t\t\t\t<\/div>\n\t\t\t\t<\/div>\n\t\t\t\t\t<\/div>\n\t\t<\/div>\n\t\t\t\t\t<\/div>\n\t\t<\/section>\n\t\t\t\t<section class=\"elementor-section elementor-top-section elementor-element elementor-element-33b6f31 elementor-section-boxed elementor-section-height-default elementor-section-height-default\" data-id=\"33b6f31\" data-element_type=\"section\">\n\t\t\t\t\t\t<div class=\"elementor-container elementor-column-gap-default\">\n\t\t\t\t\t<div class=\"elementor-column elementor-col-100 elementor-top-column elementor-element elementor-element-dcede08\" data-id=\"dcede08\" data-element_type=\"column\">\n\t\t\t<div class=\"elementor-widget-wrap elementor-element-populated\">\n\t\t\t\t\t\t<div class=\"elementor-element elementor-element-b250881 elementor-widget elementor-widget-image\" data-id=\"b250881\" data-element_type=\"widget\" data-widget_type=\"image.default\">\n\t\t\t\t<div class=\"elementor-widget-container\">\n\t\t\t\t\t\t\t\t\t\t\t\t\t\t\t<img loading=\"lazy\" decoding=\"async\" width=\"940\" height=\"788\" src=\"https:\/\/penabrancaecipriano.com.br\/wp-content\/uploads\/2024\/12\/Imagem-do-WhatsApp-de-2024-12-19-as-16.48.38_73948a50.jpg\" class=\"attachment-large size-large wp-image-3186\" alt=\"\" srcset=\"https:\/\/penabrancaecipriano.com.br\/wp-content\/uploads\/2024\/12\/Imagem-do-WhatsApp-de-2024-12-19-as-16.48.38_73948a50.jpg 940w, https:\/\/penabrancaecipriano.com.br\/wp-content\/uploads\/2024\/12\/Imagem-do-WhatsApp-de-2024-12-19-as-16.48.38_73948a50-300x251.jpg 300w, https:\/\/penabrancaecipriano.com.br\/wp-content\/uploads\/2024\/12\/Imagem-do-WhatsApp-de-2024-12-19-as-16.48.38_73948a50-768x644.jpg 768w\" sizes=\"(max-width: 940px) 100vw, 940px\" \/>\t\t\t\t\t\t\t\t\t\t\t\t\t\t\t<\/div>\n\t\t\t\t<\/div>\n\t\t\t\t\t<\/div>\n\t\t<\/div>\n\t\t\t\t\t<\/div>\n\t\t<\/section>\n\t\t\t\t<section class=\"elementor-section elementor-top-section elementor-element elementor-element-0651ffd elementor-section-boxed elementor-section-height-default elementor-section-height-default\" data-id=\"0651ffd\" data-element_type=\"section\">\n\t\t\t\t\t\t<div class=\"elementor-container elementor-column-gap-default\">\n\t\t\t\t\t<div class=\"elementor-column elementor-col-100 elementor-top-column elementor-element elementor-element-ba3c16c\" data-id=\"ba3c16c\" data-element_type=\"column\">\n\t\t\t<div class=\"elementor-widget-wrap elementor-element-populated\">\n\t\t\t\t\t\t<div class=\"elementor-element elementor-element-178d0c4 elementor-widget elementor-widget-image\" data-id=\"178d0c4\" data-element_type=\"widget\" data-widget_type=\"image.default\">\n\t\t\t\t<div class=\"elementor-widget-container\">\n\t\t\t\t\t\t\t\t\t\t\t\t\t\t\t<img loading=\"lazy\" decoding=\"async\" width=\"940\" height=\"788\" src=\"https:\/\/penabrancaecipriano.com.br\/wp-content\/uploads\/2024\/12\/Imagem-do-WhatsApp-de-2024-12-19-as-16.48.38_38be83eb.jpg\" class=\"attachment-large size-large wp-image-3187\" alt=\"\" srcset=\"https:\/\/penabrancaecipriano.com.br\/wp-content\/uploads\/2024\/12\/Imagem-do-WhatsApp-de-2024-12-19-as-16.48.38_38be83eb.jpg 940w, https:\/\/penabrancaecipriano.com.br\/wp-content\/uploads\/2024\/12\/Imagem-do-WhatsApp-de-2024-12-19-as-16.48.38_38be83eb-300x251.jpg 300w, https:\/\/penabrancaecipriano.com.br\/wp-content\/uploads\/2024\/12\/Imagem-do-WhatsApp-de-2024-12-19-as-16.48.38_38be83eb-768x644.jpg 768w\" sizes=\"(max-width: 940px) 100vw, 940px\" \/>\t\t\t\t\t\t\t\t\t\t\t\t\t\t\t<\/div>\n\t\t\t\t<\/div>\n\t\t\t\t\t<\/div>\n\t\t<\/div>\n\t\t\t\t\t<\/div>\n\t\t<\/section>\n\t\t\t\t<section class=\"elementor-section elementor-top-section elementor-element elementor-element-544b4d8 elementor-section-boxed elementor-section-height-default elementor-section-height-default\" data-id=\"544b4d8\" data-element_type=\"section\">\n\t\t\t\t\t\t<div class=\"elementor-container elementor-column-gap-default\">\n\t\t\t\t\t<div class=\"elementor-column elementor-col-100 elementor-top-column elementor-element elementor-element-6901b92\" data-id=\"6901b92\" data-element_type=\"column\">\n\t\t\t<div class=\"elementor-widget-wrap elementor-element-populated\">\n\t\t\t\t\t\t<div class=\"elementor-element elementor-element-596de0c elementor-widget elementor-widget-image\" data-id=\"596de0c\" data-element_type=\"widget\" data-widget_type=\"image.default\">\n\t\t\t\t<div class=\"elementor-widget-container\">\n\t\t\t\t\t\t\t\t\t\t\t\t\t\t\t<img loading=\"lazy\" decoding=\"async\" width=\"940\" height=\"788\" src=\"https:\/\/penabrancaecipriano.com.br\/wp-content\/uploads\/2024\/12\/Imagem-do-WhatsApp-de-2024-12-19-as-16.48.38_b720cd6d.jpg\" class=\"attachment-large size-large wp-image-3188\" alt=\"\" srcset=\"https:\/\/penabrancaecipriano.com.br\/wp-content\/uploads\/2024\/12\/Imagem-do-WhatsApp-de-2024-12-19-as-16.48.38_b720cd6d.jpg 940w, https:\/\/penabrancaecipriano.com.br\/wp-content\/uploads\/2024\/12\/Imagem-do-WhatsApp-de-2024-12-19-as-16.48.38_b720cd6d-300x251.jpg 300w, https:\/\/penabrancaecipriano.com.br\/wp-content\/uploads\/2024\/12\/Imagem-do-WhatsApp-de-2024-12-19-as-16.48.38_b720cd6d-768x644.jpg 768w\" sizes=\"(max-width: 940px) 100vw, 940px\" \/>\t\t\t\t\t\t\t\t\t\t\t\t\t\t\t<\/div>\n\t\t\t\t<\/div>\n\t\t\t\t\t<\/div>\n\t\t<\/div>\n\t\t\t\t\t<\/div>\n\t\t<\/section>\n\t\t\t\t<section class=\"elementor-section elementor-top-section elementor-element elementor-element-21747c1 elementor-section-boxed elementor-section-height-default elementor-section-height-default\" data-id=\"21747c1\" data-element_type=\"section\">\n\t\t\t\t\t\t<div class=\"elementor-container elementor-column-gap-default\">\n\t\t\t\t\t<div class=\"elementor-column elementor-col-100 elementor-top-column elementor-element elementor-element-664f1a6\" data-id=\"664f1a6\" data-element_type=\"column\">\n\t\t\t<div class=\"elementor-widget-wrap elementor-element-populated\">\n\t\t\t\t\t\t<div class=\"elementor-element elementor-element-ff10837 elementor-widget elementor-widget-image\" data-id=\"ff10837\" data-element_type=\"widget\" data-widget_type=\"image.default\">\n\t\t\t\t<div class=\"elementor-widget-container\">\n\t\t\t\t\t\t\t\t\t\t\t\t\t\t\t<img loading=\"lazy\" decoding=\"async\" width=\"940\" height=\"788\" src=\"https:\/\/penabrancaecipriano.com.br\/wp-content\/uploads\/2024\/12\/Imagem-do-WhatsApp-de-2024-12-19-as-16.48.38_aa7c9505.jpg\" class=\"attachment-large size-large wp-image-3189\" alt=\"\" srcset=\"https:\/\/penabrancaecipriano.com.br\/wp-content\/uploads\/2024\/12\/Imagem-do-WhatsApp-de-2024-12-19-as-16.48.38_aa7c9505.jpg 940w, https:\/\/penabrancaecipriano.com.br\/wp-content\/uploads\/2024\/12\/Imagem-do-WhatsApp-de-2024-12-19-as-16.48.38_aa7c9505-300x251.jpg 300w, https:\/\/penabrancaecipriano.com.br\/wp-content\/uploads\/2024\/12\/Imagem-do-WhatsApp-de-2024-12-19-as-16.48.38_aa7c9505-768x644.jpg 768w\" sizes=\"(max-width: 940px) 100vw, 940px\" \/>\t\t\t\t\t\t\t\t\t\t\t\t\t\t\t<\/div>\n\t\t\t\t<\/div>\n\t\t\t\t\t<\/div>\n\t\t<\/div>\n\t\t\t\t\t<\/div>\n\t\t<\/section>\n\t\t\t\t<section class=\"elementor-section elementor-top-section elementor-element elementor-element-a0ca5d8 elementor-section-boxed elementor-section-height-default elementor-section-height-default\" data-id=\"a0ca5d8\" data-element_type=\"section\">\n\t\t\t\t\t\t<div class=\"elementor-container elementor-column-gap-default\">\n\t\t\t\t\t<div class=\"elementor-column elementor-col-100 elementor-top-column elementor-element elementor-element-ae595ff\" data-id=\"ae595ff\" data-element_type=\"column\">\n\t\t\t<div class=\"elementor-widget-wrap\">\n\t\t\t\t\t\t\t<\/div>\n\t\t<\/div>\n\t\t\t\t\t<\/div>\n\t\t<\/section>\n\t\t\t\t<\/div>\n\t\t","protected":false},"excerpt":{"rendered":"<p>Parceria com Minist\u00e9rio da Igualdade Racial. Em conson\u00e2ncia com PORTARIA CONJUNTA MF\/MPO\/MGI\/SRI-PR N\u00ba 115, de 10 DE DEZEMBRO DE 2024, que prev\u00ea a obrigatoriedade de divulgar detalhes dos or\u00e7amentos de projetos que recebem repasses atrav\u00e9s de Emenda Parlamentar, a SER torns p\u00fablico o or\u00e7amento do Templo de Caridade Umbandista Caboclo Pena Branca e Preto Velho [&hellip;]<\/p>\n","protected":false},"author":1,"featured_media":0,"parent":0,"menu_order":0,"comment_status":"closed","ping_status":"closed","template":"elementor_header_footer","meta":{"site-sidebar-layout":"no-sidebar","site-content-layout":"page-builder","ast-site-content-layout":"default","site-content-style":"default","site-sidebar-style":"default","ast-global-header-display":"","ast-banner-title-visibility":"","ast-main-header-display":"","ast-hfb-above-header-display":"","ast-hfb-below-header-display":"","ast-hfb-mobile-header-display":"","site-post-title":"disabled","ast-breadcrumbs-content":"","ast-featured-img":"disabled","footer-sml-layout":"","theme-transparent-header-meta":"","adv-header-id-meta":"","stick-header-meta":"","header-above-stick-meta":"","header-main-stick-meta":"","header-below-stick-meta":"","astra-migrate-meta-layouts":"default","ast-page-background-enabled":"default","ast-page-background-meta":{"desktop":{"background-color":"var(--ast-global-color-4)","background-image":"","background-repeat":"repeat","background-position":"center center","background-size":"auto","background-attachment":"scroll","background-type":"","background-media":"","overlay-type":"","overlay-color":"","overlay-opacity":"","overlay-gradient":""},"tablet":{"background-color":"","background-image":"","background-repeat":"repeat","background-position":"center center","background-size":"auto","background-attachment":"scroll","background-type":"","background-media":"","overlay-type":"","overlay-color":"","overlay-opacity":"","overlay-gradient":""},"mobile":{"background-color":"","background-image":"","background-repeat":"repeat","background-position":"center center","background-size":"auto","background-attachment":"scroll","background-type":"","background-media":"","overlay-type":"","overlay-color":"","overlay-opacity":"","overlay-gradient":""}},"ast-content-background-meta":{"desktop":{"background-color":"var(--ast-global-color-5)","background-image":"","background-repeat":"repeat","background-position":"center center","background-size":"auto","background-attachment":"scroll","background-type":"","background-media":"","overlay-type":"","overlay-color":"","overlay-opacity":"","overlay-gradient":""},"tablet":{"background-color":"var(--ast-global-color-5)","background-image":"","background-repeat":"repeat","background-position":"center center","background-size":"auto","background-attachment":"scroll","background-type":"","background-media":"","overlay-type":"","overlay-color":"","overlay-opacity":"","overlay-gradient":""},"mobile":{"background-color":"var(--ast-global-color-5)","background-image":"","background-repeat":"repeat","background-position":"center center","background-size":"auto","background-attachment":"scroll","background-type":"","background-media":"","overlay-type":"","overlay-color":"","overlay-opacity":"","overlay-gradient":""}},"_themeisle_gutenberg_block_has_review":false,"footnotes":""},"class_list":["post-3179","page","type-page","status-publish","hentry"],"_links":{"self":[{"href":"https:\/\/penabrancaecipriano.com.br\/index.php?rest_route=\/wp\/v2\/pages\/3179","targetHints":{"allow":["GET"]}}],"collection":[{"href":"https:\/\/penabrancaecipriano.com.br\/index.php?rest_route=\/wp\/v2\/pages"}],"about":[{"href":"https:\/\/penabrancaecipriano.com.br\/index.php?rest_route=\/wp\/v2\/types\/page"}],"author":[{"embeddable":true,"href":"https:\/\/penabrancaecipriano.com.br\/index.php?rest_route=\/wp\/v2\/users\/1"}],"replies":[{"embeddable":true,"href":"https:\/\/penabrancaecipriano.com.br\/index.php?rest_route=%2Fwp%2Fv2%2Fcomments&post=3179"}],"version-history":[{"count":11,"href":"https:\/\/penabrancaecipriano.com.br\/index.php?rest_route=\/wp\/v2\/pages\/3179\/revisions"}],"predecessor-version":[{"id":3353,"href":"https:\/\/penabrancaecipriano.com.br\/index.php?rest_route=\/wp\/v2\/pages\/3179\/revisions\/3353"}],"wp:attachment":[{"href":"https:\/\/penabrancaecipriano.com.br\/index.php?rest_route=%2Fwp%2Fv2%2Fmedia&parent=3179"}],"curies":[{"name":"wp","href":"https:\/\/api.w.org\/{rel}","templated":true}]}}